{"id":659,"date":"2026-01-18T14:36:31","date_gmt":"2026-01-18T14:36:31","guid":{"rendered":"https:\/\/air-saumon.com\/?page_id=659"},"modified":"2026-04-08T12:59:00","modified_gmt":"2026-04-08T12:59:00","slug":"history","status":"publish","type":"page","link":"https:\/\/air-saumon.com\/en\/history\/","title":{"rendered":"History"},"content":{"rendered":"<div data-elementor-type=\"wp-page\" data-elementor-id=\"659\" class=\"elementor elementor-659\">\n\t\t\t\t\t\t<section class=\"elementor-section elementor-top-section elementor-element elementor-element-fb7fcd7 elementor-section-boxed elementor-section-height-default elementor-section-height-default wpr-particle-no wpr-jarallax-no wpr-parallax-no wpr-sticky-section-no wpr-equal-height-no\" data-id=\"fb7fcd7\" data-element_type=\"section\" data-e-type=\"section\" data-settings=\"{&quot;background_background&quot;:&quot;classic&quot;}\">\n\t\t\t\t\t\t<div class=\"elementor-container elementor-column-gap-default\">\n\t\t\t\t\t<div class=\"elementor-column elementor-col-100 elementor-top-column elementor-element elementor-element-ab7b078\" data-id=\"ab7b078\" data-element_type=\"column\" data-e-type=\"column\">\n\t\t\t<div class=\"elementor-widget-wrap elementor-element-populated\">\n\t\t\t\t\t\t<div class=\"elementor-element elementor-element-94ea3fc elementor-widget elementor-widget-heading\" data-id=\"94ea3fc\" data-element_type=\"widget\" data-e-type=\"widget\" data-widget_type=\"heading.default\">\n\t\t\t\t<div class=\"elementor-widget-container\">\n\t\t\t\t\t<h1 class=\"elementor-heading-title elementor-size-default\">Qui a dit que les saumons ne savaient pas voler ?<\/h1>\t\t\t\t<\/div>\n\t\t\t\t<\/div>\n\t\t\t\t\t<\/div>\n\t\t<\/div>\n\t\t\t\t\t<\/div>\n\t\t<\/section>\n\t\t\t\t<section class=\"elementor-section elementor-top-section elementor-element elementor-element-1ae17b5 elementor-section-boxed elementor-section-height-default elementor-section-height-default wpr-particle-no wpr-jarallax-no wpr-parallax-no wpr-sticky-section-no wpr-equal-height-no\" data-id=\"1ae17b5\" data-element_type=\"section\" data-e-type=\"section\">\n\t\t\t\t\t\t<div class=\"elementor-container elementor-column-gap-default\">\n\t\t\t\t\t<div class=\"elementor-column elementor-col-100 elementor-top-column elementor-element elementor-element-1ee4e1e\" data-id=\"1ee4e1e\" data-element_type=\"column\" data-e-type=\"column\">\n\t\t\t<div class=\"elementor-widget-wrap elementor-element-populated\">\n\t\t\t\t\t\t<div class=\"elementor-element elementor-element-c6f5031 elementor-widget elementor-widget-heading\" data-id=\"c6f5031\" data-element_type=\"widget\" data-e-type=\"widget\" data-widget_type=\"heading.default\">\n\t\t\t\t<div class=\"elementor-widget-container\">\n\t\t\t\t\t<h2 class=\"elementor-heading-title elementor-size-default\">Air Saumon f\u00eate ses quatre ans !<\/h2>\t\t\t\t<\/div>\n\t\t\t\t<\/div>\n\t\t\t\t<div class=\"elementor-element elementor-element-aba6d43 elementor-widget elementor-widget-text-editor\" data-id=\"aba6d43\" data-element_type=\"widget\" data-e-type=\"widget\" data-widget_type=\"text-editor.default\">\n\t\t\t\t<div class=\"elementor-widget-container\">\n\t\t\t\t\t\t\t\t\t<p dir=\"auto\">Cr\u00e9\u00e9e en 2022, la compagnie fictive Air Saumon f\u00eate ses quatre ans. Pour cette occasion, il semble opportun de proposer aux visiteurs de ce site web une rapide r\u00e9trospective passant en revue l&rsquo;histoire de Air Saumon.<\/p>\t\t\t\t\t\t\t\t<\/div>\n\t\t\t\t<\/div>\n\t\t\t\t\t<\/div>\n\t\t<\/div>\n\t\t\t\t\t<\/div>\n\t\t<\/section>\n\t\t\t\t<section class=\"elementor-section elementor-top-section elementor-element elementor-element-0933f8d elementor-section-boxed elementor-section-height-default elementor-section-height-default wpr-particle-no wpr-jarallax-no wpr-parallax-no wpr-sticky-section-no wpr-equal-height-no\" data-id=\"0933f8d\" data-element_type=\"section\" data-e-type=\"section\">\n\t\t\t\t\t\t<div class=\"elementor-container elementor-column-gap-default\">\n\t\t\t\t\t<div class=\"elementor-column elementor-col-100 elementor-top-column elementor-element elementor-element-b54ff0a\" data-id=\"b54ff0a\" data-element_type=\"column\" data-e-type=\"column\">\n\t\t\t<div class=\"elementor-widget-wrap elementor-element-populated\">\n\t\t\t\t\t\t<div class=\"elementor-element elementor-element-7874b15 elementor-widget elementor-widget-heading\" data-id=\"7874b15\" data-element_type=\"widget\" data-e-type=\"widget\" data-widget_type=\"heading.default\">\n\t\t\t\t<div class=\"elementor-widget-container\">\n\t\t\t\t\t<h2 class=\"elementor-heading-title elementor-size-default\">Il \u00e9tait une fois, Air Saumon.<\/h2>\t\t\t\t<\/div>\n\t\t\t\t<\/div>\n\t\t\t\t<div class=\"elementor-element elementor-element-510a6ed elementor-widget elementor-widget-text-editor\" data-id=\"510a6ed\" data-element_type=\"widget\" data-e-type=\"widget\" data-widget_type=\"text-editor.default\">\n\t\t\t\t<div class=\"elementor-widget-container\">\n\t\t\t\t\t\t\t\t\t<p dir=\"auto\">Air Saumon a vue le jour en 2022, alors que ses deux cr\u00e9ateurs \u00e9taient en troisi\u00e8me dans un coll\u00e8ge en p\u00e9riph\u00e9rie de Grenoble. Les circonstances de sa cr\u00e9ation ne seront pas divulgu\u00e9es sur cette page, mais si vous nous connaissez personnellement, alors il est probable que vous les connaissiez d\u00e9j\u00e0. Pour les autres, disons simplement qu&rsquo;il s&rsquo;agit d&rsquo;une blague partie un peu trop loin.<\/p><p dir=\"auto\">Pendant les premiers mois, nous avons publi\u00e9 quelques vid\u00e9os sur <span style=\"text-decoration: underline;\"><a href=\"https:\/\/www.youtube.com\/@airsaumon\" target=\"_blank\" rel=\"noopener\">notre cha\u00eene Youtube<\/a><\/span> et avons produit un hoodie aux couleurs de la compagnie.<\/p><p dir=\"auto\">Un an apr\u00e8s la cr\u00e9ation du premier site web Air Saumon, la page web a profit\u00e9e d&rsquo;une refonte totale. Le moteur initialement utilis\u00e9 (Jimdo) a \u00e9t\u00e9 remplac\u00e9 par un outil libre (WordPress). Depuis, et ce pour un motif qui ne sera pas communiqu\u00e9, le projet a \u00e9t\u00e9 mis en pause.<\/p>\t\t\t\t\t\t\t\t<\/div>\n\t\t\t\t<\/div>\n\t\t\t\t\t<\/div>\n\t\t<\/div>\n\t\t\t\t\t<\/div>\n\t\t<\/section>\n\t\t\t\t<section class=\"elementor-section elementor-top-section elementor-element elementor-element-99bb8dc elementor-section-boxed elementor-section-height-default elementor-section-height-default wpr-particle-no wpr-jarallax-no wpr-parallax-no wpr-sticky-section-no wpr-equal-height-no\" data-id=\"99bb8dc\" data-element_type=\"section\" data-e-type=\"section\">\n\t\t\t\t\t\t<div class=\"elementor-container elementor-column-gap-default\">\n\t\t\t\t\t<div class=\"elementor-column elementor-col-100 elementor-top-column elementor-element elementor-element-db595d1\" data-id=\"db595d1\" data-element_type=\"column\" data-e-type=\"column\">\n\t\t\t<div class=\"elementor-widget-wrap elementor-element-populated\">\n\t\t\t\t\t\t<div class=\"elementor-element elementor-element-61a06c3 elementor-widget elementor-widget-heading\" data-id=\"61a06c3\" data-element_type=\"widget\" data-e-type=\"widget\" data-widget_type=\"heading.default\">\n\t\t\t\t<div class=\"elementor-widget-container\">\n\t\t\t\t\t<h2 class=\"elementor-heading-title elementor-size-default\">Le futur de la compagnie.<\/h2>\t\t\t\t<\/div>\n\t\t\t\t<\/div>\n\t\t\t\t<div class=\"elementor-element elementor-element-d72872e elementor-widget elementor-widget-text-editor\" data-id=\"d72872e\" data-element_type=\"widget\" data-e-type=\"widget\" data-widget_type=\"text-editor.default\">\n\t\t\t\t<div class=\"elementor-widget-container\">\n\t\t\t\t\t\t\t\t\t<p>Pour le moment, notre cha\u00eene Youtube restera en pause. Le nom de domaine air-saumon.com a \u00e9t\u00e9 renouvel\u00e9 pour l&rsquo;ann\u00e9e 2026 chez OVH et son h\u00e9bergement est assur\u00e9 par Anexia pour le compte de <a href=\"https:\/\/clarty.org\/\" target=\"_blank\" rel=\"noopener\"><u>Clarty<\/u><\/a>.\u00a0<\/p><p>Cependant, Air Saumon n&rsquo;est pas \u00e9ternelle. Il est possible que cette ann\u00e9e soit la derni\u00e8re, en raison du co\u00fbt engendr\u00e9 par l&rsquo;achat et le renouvellement r\u00e9current d&rsquo;un nom de domaine. Aucune d\u00e9cision n&rsquo;a \u00e9t\u00e9 prise, mais il est incertain que le site Air Saumon soit encore accessible \u00e0 compter du mois de janvier 2027.<\/p><p>Nous remercions tous les visiteurs et visiteuses de cette page web, ainsi que toutes les personnes ayant un jour ou l&rsquo;autre pris part \u00e0 la cr\u00e9ation de la compagnie.\u00a0<\/p>\t\t\t\t\t\t\t\t<\/div>\n\t\t\t\t<\/div>\n\t\t\t\t\t<\/div>\n\t\t<\/div>\n\t\t\t\t\t<\/div>\n\t\t<\/section>\n\t\t\t\t<\/div>","protected":false},"excerpt":{"rendered":"<p>Qui a dit que les saumons ne savaient pas voler ? Air Saumon f\u00eate ses quatre ans ! Cr\u00e9\u00e9e en 2022, la compagnie fictive Air Saumon f\u00eate ses quatre ans. Pour cette occasion, il semble opportun de proposer aux visiteurs de ce site web une rapide r\u00e9trospective passant en revue l&rsquo;histoire de Air Saumon. Il \u00e9tait une fois, Air Saumon. Air Saumon a vue le jour en 2022, alors que ses deux cr\u00e9ateurs \u00e9taient en troisi\u00e8me dans un coll\u00e8ge en p\u00e9riph\u00e9rie de Grenoble. Les circonstances de sa cr\u00e9ation ne seront pas divulgu\u00e9es sur cette page, mais si vous nous connaissez personnellement, alors il est probable que vous les connaissiez d\u00e9j\u00e0. Pour les autres, disons simplement qu&rsquo;il s&rsquo;agit d&rsquo;une blague partie un peu trop loin. Pendant les premiers mois, nous avons publi\u00e9 quelques vid\u00e9os sur notre cha\u00eene Youtube et avons produit un hoodie aux couleurs de la compagnie. Un an apr\u00e8s la cr\u00e9ation du premier site web Air Saumon, la page web a profit\u00e9e d&rsquo;une refonte totale. Le moteur initialement utilis\u00e9 (Jimdo) a \u00e9t\u00e9 remplac\u00e9 par un outil libre (WordPress). Depuis, et ce pour un motif qui ne sera pas communiqu\u00e9, le projet a \u00e9t\u00e9 mis en pause. Le futur de la compagnie. Pour le moment, notre cha\u00eene Youtube restera en pause. Le nom de domaine air-saumon.com a \u00e9t\u00e9 renouvel\u00e9 pour l&rsquo;ann\u00e9e 2026 chez OVH et son h\u00e9bergement est assur\u00e9 par Anexia pour le compte de Clarty.\u00a0 Cependant, Air Saumon n&rsquo;est pas \u00e9ternelle. Il est possible que cette ann\u00e9e soit la derni\u00e8re, en raison du co\u00fbt engendr\u00e9 par l&rsquo;achat et le renouvellement r\u00e9current d&rsquo;un nom de domaine. Aucune d\u00e9cision n&rsquo;a \u00e9t\u00e9 prise, mais il est incertain que le site Air Saumon soit encore accessible \u00e0 compter du mois de janvier 2027. Nous remercions tous les visiteurs et visiteuses de cette page web, ainsi que toutes les personnes ayant un jour ou l&rsquo;autre pris part \u00e0 la cr\u00e9ation de la compagnie.\u00a0<\/p>","protected":false},"author":1,"featured_media":0,"parent":0,"menu_order":0,"comment_status":"closed","ping_status":"closed","template":"","meta":{"ocean_post_layout":"full-screen","ocean_both_sidebars_style":"","ocean_both_sidebars_content_width":0,"ocean_both_sidebars_sidebars_width":0,"ocean_sidebar":"","ocean_second_sidebar":"","ocean_disable_margins":"enable","ocean_add_body_class":"","ocean_shortcode_before_top_bar":"","ocean_shortcode_after_top_bar":"","ocean_shortcode_before_header":"","ocean_shortcode_after_header":"","ocean_has_shortcode":"","ocean_shortcode_after_title":"","ocean_shortcode_before_footer_widgets":"","ocean_shortcode_after_footer_widgets":"","ocean_shortcode_before_footer_bottom":"","ocean_shortcode_after_footer_bottom":"","ocean_display_top_bar":"default","ocean_display_header":"default","ocean_header_style":"","ocean_center_header_left_menu":"","ocean_custom_header_template":"","ocean_custom_logo":0,"ocean_custom_retina_logo":0,"ocean_custom_logo_max_width":0,"ocean_custom_logo_tablet_max_width":0,"ocean_custom_logo_mobile_max_width":0,"ocean_custom_logo_max_height":0,"ocean_custom_logo_tablet_max_height":0,"ocean_custom_logo_mobile_max_height":0,"ocean_header_custom_menu":"","ocean_menu_typo_font_family":"","ocean_menu_typo_font_subset":"","ocean_menu_typo_font_size":0,"ocean_menu_typo_font_size_tablet":0,"ocean_menu_typo_font_size_mobile":0,"ocean_menu_typo_font_size_unit":"px","ocean_menu_typo_font_weight":"","ocean_menu_typo_font_weight_tablet":"","ocean_menu_typo_font_weight_mobile":"","ocean_menu_typo_transform":"","ocean_menu_typo_transform_tablet":"","ocean_menu_typo_transform_mobile":"","ocean_menu_typo_line_height":0,"ocean_menu_typo_line_height_tablet":0,"ocean_menu_typo_line_height_mobile":0,"ocean_menu_typo_line_height_unit":"","ocean_menu_typo_spacing":0,"ocean_menu_typo_spacing_tablet":0,"ocean_menu_typo_spacing_mobile":0,"ocean_menu_typo_spacing_unit":"","ocean_menu_link_color":"","ocean_menu_link_color_hover":"","ocean_menu_link_color_active":"","ocean_menu_link_background":"","ocean_menu_link_hover_background":"","ocean_menu_link_active_background":"","ocean_menu_social_links_bg":"","ocean_menu_social_hover_links_bg":"","ocean_menu_social_links_color":"","ocean_menu_social_hover_links_color":"","ocean_disable_title":"default","ocean_disable_heading":"default","ocean_post_title":"","ocean_post_subheading":"","ocean_post_title_style":"","ocean_post_title_background_color":"","ocean_post_title_background":0,"ocean_post_title_bg_image_position":"","ocean_post_title_bg_image_attachment":"","ocean_post_title_bg_image_repeat":"","ocean_post_title_bg_image_size":"","ocean_post_title_height":0,"ocean_post_title_bg_overlay":0.5,"ocean_post_title_bg_overlay_color":"","ocean_disable_breadcrumbs":"default","ocean_breadcrumbs_color":"","ocean_breadcrumbs_separator_color":"","ocean_breadcrumbs_links_color":"","ocean_breadcrumbs_links_hover_color":"","ocean_display_footer_widgets":"default","ocean_display_footer_bottom":"default","ocean_custom_footer_template":"","footnotes":""},"class_list":["post-659","page","type-page","status-publish","hentry","entry"],"_links":{"self":[{"href":"https:\/\/air-saumon.com\/en\/wp-json\/wp\/v2\/pages\/659","targetHints":{"allow":["GET"]}}],"collection":[{"href":"https:\/\/air-saumon.com\/en\/wp-json\/wp\/v2\/pages"}],"about":[{"href":"https:\/\/air-saumon.com\/en\/wp-json\/wp\/v2\/types\/page"}],"author":[{"embeddable":true,"href":"https:\/\/air-saumon.com\/en\/wp-json\/wp\/v2\/users\/1"}],"replies":[{"embeddable":true,"href":"https:\/\/air-saumon.com\/en\/wp-json\/wp\/v2\/comments?post=659"}],"version-history":[{"count":5,"href":"https:\/\/air-saumon.com\/en\/wp-json\/wp\/v2\/pages\/659\/revisions"}],"predecessor-version":[{"id":698,"href":"https:\/\/air-saumon.com\/en\/wp-json\/wp\/v2\/pages\/659\/revisions\/698"}],"wp:attachment":[{"href":"https:\/\/air-saumon.com\/en\/wp-json\/wp\/v2\/media?parent=659"}],"curies":[{"name":"wp","href":"https:\/\/api.w.org\/{rel}","templated":true}]}}